{"id":157,"date":"2018-11-30T15:09:53","date_gmt":"2018-11-30T14:09:53","guid":{"rendered":"https:\/\/formation.sesan.fr\/via-trajectoire\/?page_id=157"},"modified":"2025-04-11T19:03:19","modified_gmt":"2025-04-11T17:03:19","slug":"base-documentaire","status":"publish","type":"page","link":"https:\/\/formation.sesan.fr\/via-trajectoire\/base-documentaire\/","title":{"rendered":"Base Documentaire"},"content":{"rendered":"<p class=\"blue\">Documents \u00e0 l&rsquo;attention des Prescripteurs<\/p>\n<p style=\"text-align: right;\"><em>Les prescripteurs orientent leurs patients vers des unit\u00e9s SSR (dont HDJ), HAD, USP, SSIAD ou Prado.<\/em><\/p>\n<p style=\"text-align: right;\"><em>Ils exercent g\u00e9n\u00e9ralement dans les structures MCO mais peuvent aussi exercer en SSR. Ils souhaitent alors proposer \u00e0 leurs patients une orientation davantage adapt\u00e9e \u00e0 leurs besoins aux diff\u00e9rentes \u00e9tapes de leur parcours.<\/em><\/p>\n<p>&nbsp;<\/p>\n<ol>\n<li>Vous d\u00e9couvrez ViaTrajectoire ou vous utilisez rarement cet outil. Ce support complet pr\u00e9sente toutes les fonctionnalit\u00e9s ViaTrajectoire et d\u00e9crit de fa\u00e7on exhaustive le processus \u00e9tape par \u00e9tape :<\/li>\n<li>Vous connaissez d\u00e9j\u00e0 ViaTrajectoire et souhaitez un m\u00e9mo des diff\u00e9rentes \u00e9tapes du processus de demande d&rsquo;admission : <a  data-e-Disable-Page-Transition=\"true\" class=\"download-link\" title=\"\" href=\"https:\/\/formation.sesan.fr\/via-trajectoire\/download\/211\/?tmstv=1777630295\" rel=\"nofollow\" id=\"download-link-211\" data-redirect=\"false\" >\n\tTriptyque-Prescripteur\t(3633 t\u00e9l\u00e9chargements\t)\n<\/a>\n<\/li>\n<li>Vous souhaitez conna\u00eetre les diff\u00e9rentes \u00e9tapes du processus et le r\u00f4le des acteurs : <a  data-e-Disable-Page-Transition=\"true\" class=\"download-link\" title=\"\" href=\"https:\/\/formation.sesan.fr\/via-trajectoire\/download\/218\/?tmstv=1777630295\" rel=\"nofollow\" id=\"download-link-218\" data-redirect=\"false\" >\n\tTriptyque - Cycle de vie et r\u00f4les\t(3512 t\u00e9l\u00e9chargements\t)\n<\/a>\n<\/li>\n<li>Vous souhaitez comprendre les diff\u00e9rentes \u00e9tapes concernant le volet Orientation : <a  data-e-Disable-Page-Transition=\"true\" class=\"download-link\" title=\"\" href=\"https:\/\/formation.sesan.fr\/via-trajectoire\/download\/214\/?tmstv=1777630295\" rel=\"nofollow\" id=\"download-link-214\" data-redirect=\"false\" >\n\tTriptyque - Focus Orientation\t(3510 t\u00e9l\u00e9chargements\t)\n<\/a>\n<\/li>\n<li>Apr\u00e8s avoir rempli le dossier, vous souhaitez envoyer votre demande d&rsquo;admission : <a  data-e-Disable-Page-Transition=\"true\" class=\"download-link\" title=\"\" href=\"https:\/\/formation.sesan.fr\/via-trajectoire\/download\/221\/?tmstv=1777630295\" rel=\"nofollow\" id=\"download-link-221\" data-redirect=\"false\" >\n\tTriptyque - Focus Envoi\t(3615 t\u00e9l\u00e9chargements\t)\n<\/a>\n<\/li>\n<li>Certaines fonctionnalit\u00e9s ont des intitul\u00e9s qui se ressemblent, vous souhaitez comprendre la sp\u00e9cificit\u00e9 de chacune :\u00a0<a  data-e-Disable-Page-Transition=\"true\" class=\"download-link\" title=\"\" href=\"https:\/\/formation.sesan.fr\/via-trajectoire\/download\/225\/?tmstv=1777630295\" rel=\"nofollow\" id=\"download-link-225\" data-redirect=\"false\" >\n\tTriptyque - Eviter les confusions\t(3515 t\u00e9l\u00e9chargements\t)\n<\/a>\n<\/li>\n<li>Vous souhaitez un r\u00e9capitulatif de toutes les possibilit\u00e9s offertes par ViaTrajectoire : <a  data-e-Disable-Page-Transition=\"true\" class=\"download-link\" title=\"\" href=\"https:\/\/formation.sesan.fr\/via-trajectoire\/download\/228\/?tmstv=1777630295\" rel=\"nofollow\" id=\"download-link-228\" data-redirect=\"false\" >\n\tTriptyque - Actions compl\u00e9mentaires\t(3585 t\u00e9l\u00e9chargements\t)\n<\/a>\n<\/li>\n<\/ol>\n<p>&nbsp;<\/p>\n<p>&nbsp;<\/p>\n<p class=\"blue\">Documents \u00e0 l&rsquo;attention des Receveurs<\/p>\n<p style=\"text-align: right;\">Les receveurs sont responsables des admissions au sein de leur unit\u00e9 SSR, HDJ, HAD, USP, SSIAD ou Prado.<\/p>\n<p style=\"text-align: right;\">Ils re\u00e7oivent les demandes et y r\u00e9pondent sur avis m\u00e9dical (avis favorable, refus, accord de principe). Ils peuvent demander davantage d\u2019informations au prescripteur avant de se prononcer d\u00e9finitivement.<\/p>\n<p>&nbsp;<\/p>\n<ol>\n<li>Vous d\u00e9couvrez ViaTrajectoire ou vous utilisez rarement cet outil. Ce support complet pr\u00e9sente toutes les fonctionnalit\u00e9s ViaTrajectoire et d\u00e9crit de fa\u00e7on exhaustive le processus \u00e9tape par \u00e9tape :<\/li>\n<li>Vous connaissez d\u00e9j\u00e0 ViaTrajectoire et souhaitez un m\u00e9mo des diff\u00e9rentes \u00e9tapes du processus de demande d&rsquo;admission :<\/li>\n<li>Vous souhaitez conna\u00eetre les diff\u00e9rentes \u00e9tapes du processus et le r\u00f4le des acteurs :<\/li>\n<li><\/li>\n<\/ol>\n","protected":false},"excerpt":{"rendered":"<p>Documents \u00e0 l&rsquo;attention des Prescripteurs Les prescripteurs orientent leurs patients vers des unit\u00e9s SSR (dont HDJ), HAD, USP, SSIAD ou Prado. Ils exercent g\u00e9n\u00e9ralement dans les structures MCO mais peuvent [&hellip;]<\/p>\n","protected":false},"author":1,"featured_media":0,"parent":0,"menu_order":0,"comment_status":"closed","ping_status":"closed","template":"page_FAQ.php","meta":{"_acf_changed":false,"footnotes":""},"class_list":["post-157","page","type-page","status-publish","hentry"],"acf":[],"publishpress_future_action":{"enabled":false,"date":"2026-05-08 12:11:35","action":"change-status","newStatus":"draft","terms":[],"taxonomy":""},"publishpress_future_workflow_manual_trigger":{"enabledWorkflows":[]},"_links":{"self":[{"href":"https:\/\/formation.sesan.fr\/via-trajectoire\/wp-json\/wp\/v2\/pages\/157","targetHints":{"allow":["GET"]}}],"collection":[{"href":"https:\/\/formation.sesan.fr\/via-trajectoire\/wp-json\/wp\/v2\/pages"}],"about":[{"href":"https:\/\/formation.sesan.fr\/via-trajectoire\/wp-json\/wp\/v2\/types\/page"}],"author":[{"embeddable":true,"href":"https:\/\/formation.sesan.fr\/via-trajectoire\/wp-json\/wp\/v2\/users\/1"}],"replies":[{"embeddable":true,"href":"https:\/\/formation.sesan.fr\/via-trajectoire\/wp-json\/wp\/v2\/comments?post=157"}],"version-history":[{"count":106,"href":"https:\/\/formation.sesan.fr\/via-trajectoire\/wp-json\/wp\/v2\/pages\/157\/revisions"}],"predecessor-version":[{"id":3040,"href":"https:\/\/formation.sesan.fr\/via-trajectoire\/wp-json\/wp\/v2\/pages\/157\/revisions\/3040"}],"wp:attachment":[{"href":"https:\/\/formation.sesan.fr\/via-trajectoire\/wp-json\/wp\/v2\/media?parent=157"}],"curies":[{"name":"wp","href":"https:\/\/api.w.org\/{rel}","templated":true}]}}