{"id":1629,"date":"2019-01-07T12:25:17","date_gmt":"2019-01-07T11:25:17","guid":{"rendered":"https:\/\/formation.sesan.fr\/ortif\/?page_id=1629"},"modified":"2019-01-07T12:29:16","modified_gmt":"2019-01-07T11:29:16","slug":"demonstrateur-ortif","status":"publish","type":"page","link":"https:\/\/formation.sesan.fr\/ortif\/demonstrateur-ortif\/","title":{"rendered":"D\u00e9monstrateur ORTIF"},"content":{"rendered":"<p style=\"text-align: center;\">L&rsquo;acc\u00e8s au d\u00e9monstrateur ORTIF requiert un compte d\u2019acc\u00e8s \u00e0 ORTIF.<\/p>\n<p>&nbsp;<\/p>\n<p style=\"text-align: center;\">Vous disposez d&rsquo;un compte ORTIF ? Envoyez nous une demande d\u2019acc\u00e8s au d\u00e9monstrateur \u00e0 l&rsquo;adresse <a href=\"mailto:ortif@sesan.fr\">ortif@sesan.fr<\/a> en pr\u00e9cisant votre identifiant d\u2019acc\u00e8s ORTIF ainsi que votre adresse mail.<\/p>\n<p>&nbsp;<\/p>\n<p style=\"text-align: center;\"><a href=\"https:\/\/portail.ortif-test.sesan.fr\/portail\/#\/fr\/index\" target=\"_blank\" rel=\"noopener\">Acc\u00e9dez au d\u00e9monstrateur<\/a><\/p>\n<p>&nbsp;<\/p>\n<p><a href=\"https:\/\/portail.ortif-test.sesan.fr\/portail\/#\/fr\/index\" target=\"_blank\" rel=\"noopener\"><img fetchpriority=\"high\" decoding=\"async\" class=\"size-medium wp-image-777 aligncenter\" src=\"https:\/\/formation.sesan.fr\/ortif\/wp-content\/uploads\/sites\/2\/2018\/10\/C14-I6-Premi\u00e8re-connexion-300x218.png\" alt=\"\" width=\"300\" height=\"218\" srcset=\"https:\/\/formation.sesan.fr\/ortif\/wp-content\/uploads\/sites\/2\/2018\/10\/C14-I6-Premi\u00e8re-connexion-300x218.png 300w, https:\/\/formation.sesan.fr\/ortif\/wp-content\/uploads\/sites\/2\/2018\/10\/C14-I6-Premi\u00e8re-connexion-768x559.png 768w, https:\/\/formation.sesan.fr\/ortif\/wp-content\/uploads\/sites\/2\/2018\/10\/C14-I6-Premi\u00e8re-connexion-1024x746.png 1024w, https:\/\/formation.sesan.fr\/ortif\/wp-content\/uploads\/sites\/2\/2018\/10\/C14-I6-Premi\u00e8re-connexion.png 1155w\" sizes=\"(max-width: 300px) 100vw, 300px\" \/><\/a><\/p>\n","protected":false},"excerpt":{"rendered":"<p>L&rsquo;acc\u00e8s au d\u00e9monstrateur ORTIF requiert un compte d\u2019acc\u00e8s \u00e0 ORTIF. &nbsp; Vous disposez d&rsquo;un compte ORTIF ? Envoyez nous une demande d\u2019acc\u00e8s au d\u00e9monstrateur \u00e0 l&rsquo;adresse ortif@sesan.fr en pr\u00e9cisant votre [&hellip;]<\/p>\n","protected":false},"author":5,"featured_media":0,"parent":0,"menu_order":0,"comment_status":"closed","ping_status":"closed","template":"","meta":{"_acf_changed":false,"footnotes":""},"class_list":["post-1629","page","type-page","status-publish","hentry"],"acf":[],"publishpress_future_action":{"enabled":false,"date":"2026-05-06 12:59:15","action":"change-status","newStatus":"draft","terms":[],"taxonomy":""},"publishpress_future_workflow_manual_trigger":{"enabledWorkflows":[]},"_links":{"self":[{"href":"https:\/\/formation.sesan.fr\/ortif\/wp-json\/wp\/v2\/pages\/1629","targetHints":{"allow":["GET"]}}],"collection":[{"href":"https:\/\/formation.sesan.fr\/ortif\/wp-json\/wp\/v2\/pages"}],"about":[{"href":"https:\/\/formation.sesan.fr\/ortif\/wp-json\/wp\/v2\/types\/page"}],"author":[{"embeddable":true,"href":"https:\/\/formation.sesan.fr\/ortif\/wp-json\/wp\/v2\/users\/5"}],"replies":[{"embeddable":true,"href":"https:\/\/formation.sesan.fr\/ortif\/wp-json\/wp\/v2\/comments?post=1629"}],"version-history":[{"count":3,"href":"https:\/\/formation.sesan.fr\/ortif\/wp-json\/wp\/v2\/pages\/1629\/revisions"}],"predecessor-version":[{"id":1634,"href":"https:\/\/formation.sesan.fr\/ortif\/wp-json\/wp\/v2\/pages\/1629\/revisions\/1634"}],"wp:attachment":[{"href":"https:\/\/formation.sesan.fr\/ortif\/wp-json\/wp\/v2\/media?parent=1629"}],"curies":[{"name":"wp","href":"https:\/\/api.w.org\/{rel}","templated":true}]}}