{"id":1392,"date":"2018-12-10T18:44:31","date_gmt":"2018-12-10T17:44:31","guid":{"rendered":"https:\/\/formation.sesan.fr\/ortif\/?page_id=1392"},"modified":"2020-06-18T13:51:09","modified_gmt":"2020-06-18T11:51:09","slug":"ortif-v-1-5","status":"publish","type":"page","link":"https:\/\/formation.sesan.fr\/ortif\/ortif-v-1-5\/","title":{"rendered":"ORTIF V 1.5"},"content":{"rendered":"<p><img fetchpriority=\"high\" decoding=\"async\" class=\"aligncenter size-large wp-image-53\" src=\"https:\/\/news-portail.ortif.sante-idf.fr\/wp-content\/uploads\/2018\/12\/ortif_devient-ORTIF-1024x256.png\" alt=\"\" width=\"525\" height=\"131\" \/><\/p>\n<p>Premi\u00e8re \u00e9tape vers ORTIF 2nde G\u00e9n\u00e9ration, cette journ\u00e9e du 10 d\u00e9cembre 2018 marque la mise en place des premi\u00e8res briques n\u00e9cessaires aux futures \u00e9volutions pour am\u00e9liorer votre outil de t\u00e9l\u00e9m\u00e9decine ORTIF.<\/p>\n<p>Les nouveaut\u00e9s fonctionnelles de cette version sont les suivantes :<\/p>\n<ul>\n<li>\n<h3><strong><u>Nouveau Portail de connexion <\/u><\/strong><\/h3>\n<\/li>\n<\/ul>\n<p><img decoding=\"async\" class=\"alignnone size-medium wp-image-644\" src=\"https:\/\/formation.sesan.fr\/ortif\/wp-content\/uploads\/sites\/2\/2018\/10\/C13-I1-300x218.png\" alt=\"\" width=\"300\" height=\"218\" srcset=\"https:\/\/formation.sesan.fr\/ortif\/wp-content\/uploads\/sites\/2\/2018\/10\/C13-I1-300x218.png 300w, https:\/\/formation.sesan.fr\/ortif\/wp-content\/uploads\/sites\/2\/2018\/10\/C13-I1-768x557.png 768w, https:\/\/formation.sesan.fr\/ortif\/wp-content\/uploads\/sites\/2\/2018\/10\/C13-I1-1024x743.png 1024w, https:\/\/formation.sesan.fr\/ortif\/wp-content\/uploads\/sites\/2\/2018\/10\/C13-I1.png 1131w\" sizes=\"(max-width: 300px) 100vw, 300px\" \/><\/p>\n<p>Le portail de connexion ORTIF V1.5 est simplifi\u00e9. D\u00e9sormais, il ne sera plus n\u00e9cessaire de choisir de se connecter \u00e0 distance ou non. Saisissez simplement votre identifiant et mot de passe dans le portail de connexion. ORTIF vous redirigera automatiquement vers votre tableau de bord ou vers le portail d\u2019administration en fonction de vos droits. Si vous vous connectez en dehors de votre \u00e9tablissement, un code \u00e0 usage unique (OTP) vous sera \u00e9galement demand\u00e9.<\/p>\n<p><img decoding=\"async\" class=\"alignnone wp-image-603 \" src=\"https:\/\/formation.sesan.fr\/ortif\/wp-content\/uploads\/sites\/2\/2018\/10\/train-150x150.png\" alt=\"\" width=\"28\" height=\"28\" \/>Consultez l&rsquo;exercice\u00a0 <a href=\"https:\/\/formation.sesan.fr\/ortif\/exercices\/se-connecter-a-ortif-2\/\">\u00ab\u00a0Se connecter \u00e0 ORTIF\u00a0\u00bb <strong>ICI<\/strong>.<\/a><\/p>\n<p>&nbsp;<\/p>\n<ul>\n<li>\n<h3><strong><u>Nouveau service de visioconf\u00e9rence<\/u><\/strong><\/h3>\n<\/li>\n<\/ul>\n<p><img loading=\"lazy\" decoding=\"async\" class=\"alignnone size-medium wp-image-1013\" src=\"https:\/\/formation.sesan.fr\/ortif\/wp-content\/uploads\/sites\/2\/2018\/11\/C22-I3-Principales-fonctionnalit\u00e9s-visio-300x139.png\" alt=\"\" width=\"300\" height=\"139\" srcset=\"https:\/\/formation.sesan.fr\/ortif\/wp-content\/uploads\/sites\/2\/2018\/11\/C22-I3-Principales-fonctionnalit\u00e9s-visio-300x139.png 300w, https:\/\/formation.sesan.fr\/ortif\/wp-content\/uploads\/sites\/2\/2018\/11\/C22-I3-Principales-fonctionnalit\u00e9s-visio-768x356.png 768w, https:\/\/formation.sesan.fr\/ortif\/wp-content\/uploads\/sites\/2\/2018\/11\/C22-I3-Principales-fonctionnalit\u00e9s-visio-1024x475.png 1024w, https:\/\/formation.sesan.fr\/ortif\/wp-content\/uploads\/sites\/2\/2018\/11\/C22-I3-Principales-fonctionnalit\u00e9s-visio.png 1508w\" sizes=\"(max-width: 300px) 100vw, 300px\" \/><\/p>\n<p>Le service de visioconf\u00e9rence ORTIF \u00e9volue et s&rsquo;appuie d\u00e9sormais sur la technologie web RTC. Aucune installation technique n&rsquo;est n\u00e9cessaire pour utiliser le service de visioconf\u00e9rence.<\/p>\n<p><img decoding=\"async\" class=\"alignnone wp-image-603 \" src=\"https:\/\/formation.sesan.fr\/ortif\/wp-content\/uploads\/sites\/2\/2018\/10\/train-150x150.png\" alt=\"\" width=\"28\" height=\"28\" \/>\u00a0Consultez nos tutoriels vous expliquant comment<strong> utiliser les nouveaux services de visio ORTIF<\/strong> <a href=\"https:\/\/formation.sesan.fr\/ortif\/cat_exercices\/visio\/\"><strong>ICI<\/strong><\/a>.<\/p>\n<p><strong>\u00a0<\/strong><\/p>\n<ul>\n<li>\n<h3><strong><u>Nouveau Portail administration<\/u><\/strong><\/h3>\n<\/li>\n<\/ul>\n<p><img loading=\"lazy\" decoding=\"async\" class=\"alignnone size-medium wp-image-1414\" src=\"https:\/\/formation.sesan.fr\/ortif\/wp-content\/uploads\/sites\/2\/2018\/12\/portail-admin-300x157.png\" alt=\"\" width=\"300\" height=\"157\" srcset=\"https:\/\/formation.sesan.fr\/ortif\/wp-content\/uploads\/sites\/2\/2018\/12\/portail-admin-300x157.png 300w, https:\/\/formation.sesan.fr\/ortif\/wp-content\/uploads\/sites\/2\/2018\/12\/portail-admin.png 586w\" sizes=\"(max-width: 300px) 100vw, 300px\" \/><\/p>\n<p>Le portail d&rsquo;administration \u00e9volue. D\u00e9sormais, vous trouverez la liste des \u00e9tablissements auxquels votre compte ORTIF est rattach\u00e9, des messages d&rsquo;information, un acc\u00e8s direct aux comptes ORTIF \u00e0 activer.<\/p>\n<p><strong><u><img decoding=\"async\" class=\"alignnone wp-image-603 \" src=\"https:\/\/formation.sesan.fr\/ortif\/wp-content\/uploads\/sites\/2\/2018\/10\/train-150x150.png\" alt=\"\" width=\"28\" height=\"28\" \/><\/u><\/strong>Consultez nos tutoriels vous expliquant comment <strong>utiliser le nouveau portail administration ORTIF<\/strong> <a href=\"https:\/\/formation.sesan.fr\/ortif\/cat_exercices\/administration\/\"><strong>ICI<\/strong><\/a>.<\/p>\n<p>&nbsp;<\/p>\n<ul>\n<li>\n<h3><strong><u>Nouveau Contact de support ORTIF<\/u><\/strong><\/h3>\n<\/li>\n<\/ul>\n<p>Vous rencontrez une difficult\u00e9 li\u00e9e \u00e0 l&rsquo;utilisation de ORTIF ? Contactez le support via ses nouvelles coordonn\u00e9es :<\/p>\n<p class=\"red\" style=\"text-align: center;\"><strong style=\"color: #e74c3c; font-size: 16px; text-align: center;\">+33\u00a009 70 09 52 80<\/strong><\/p>\n<p class=\"red\" style=\"text-align: center;\"><span style=\"color: #e74c00;\">\u00a0<a style=\"color: #e74c00;\" href=\"mailto:support-ortif@sesan.fr\" target=\"_blank\" rel=\"noopener noreferrer\">support-ortif@acetiam.eu\u00a0<\/a><\/span><\/p>\n<p>&nbsp;<\/p>\n<p>Rendez-vous en 2019 pour d\u00e9couvrir les prochaines nouveaut\u00e9s d\u2019ORTIF.<\/p>\n<p>&nbsp;<\/p>\n","protected":false},"excerpt":{"rendered":"<p>Premi\u00e8re \u00e9tape vers ORTIF 2nde G\u00e9n\u00e9ration, cette journ\u00e9e du 10 d\u00e9cembre 2018 marque la mise en place des premi\u00e8res briques n\u00e9cessaires aux futures \u00e9volutions pour am\u00e9liorer votre outil de t\u00e9l\u00e9m\u00e9decine [&hellip;]<\/p>\n","protected":false},"author":5,"featured_media":0,"parent":0,"menu_order":0,"comment_status":"closed","ping_status":"closed","template":"","meta":{"_acf_changed":false,"footnotes":""},"class_list":["post-1392","page","type-page","status-publish","hentry"],"acf":[],"publishpress_future_action":{"enabled":false,"date":"2026-04-12 00:10:36","action":"change-status","newStatus":"draft","terms":[],"taxonomy":""},"publishpress_future_workflow_manual_trigger":{"enabledWorkflows":[]},"_links":{"self":[{"href":"https:\/\/formation.sesan.fr\/ortif\/wp-json\/wp\/v2\/pages\/1392","targetHints":{"allow":["GET"]}}],"collection":[{"href":"https:\/\/formation.sesan.fr\/ortif\/wp-json\/wp\/v2\/pages"}],"about":[{"href":"https:\/\/formation.sesan.fr\/ortif\/wp-json\/wp\/v2\/types\/page"}],"author":[{"embeddable":true,"href":"https:\/\/formation.sesan.fr\/ortif\/wp-json\/wp\/v2\/users\/5"}],"replies":[{"embeddable":true,"href":"https:\/\/formation.sesan.fr\/ortif\/wp-json\/wp\/v2\/comments?post=1392"}],"version-history":[{"count":15,"href":"https:\/\/formation.sesan.fr\/ortif\/wp-json\/wp\/v2\/pages\/1392\/revisions"}],"predecessor-version":[{"id":8762,"href":"https:\/\/formation.sesan.fr\/ortif\/wp-json\/wp\/v2\/pages\/1392\/revisions\/8762"}],"wp:attachment":[{"href":"https:\/\/formation.sesan.fr\/ortif\/wp-json\/wp\/v2\/media?parent=1392"}],"curies":[{"name":"wp","href":"https:\/\/api.w.org\/{rel}","templated":true}]}}